{"id":155,"date":"2015-02-27T18:48:55","date_gmt":"2015-02-27T18:48:55","guid":{"rendered":"http:\/\/localhost\/wordpress\/?page_id=155"},"modified":"2015-04-01T00:12:04","modified_gmt":"2015-04-01T00:12:04","slug":"salvaje","status":"publish","type":"page","link":"https:\/\/sierradelsueve.es\/?page_id=155","title":{"rendered":"Salvaje"},"content":{"rendered":"<p>Encontramos en la Sierra del Sueve, seg\u00fan el lugar diferentes mam\u00edferos, en las zonas bajas y medias se podr\u00eda ver al jabal\u00ed y al corzo y en menos abundancia al venado. Los raposos (zorros), las foinas (marta) y los melandros (tejones) completan  junto con la ardilla roja, las especies de mam\u00edferos que nos podemos encontrar.<br \/>\n\tDentro de esta familia, no nos podemos olvidar de gamo (Dama dama), tercer tipo de c\u00e9rvido en  la sierra y el de mayor afluencia, causando incluso plagas que llegan a afectar a las especies florales de la zona. Esta especie fue introducida en el los a\u00f1os 60 con el fin de aumentar las especies cineg\u00e9ticas y desde hace unos a\u00f1os hasta la actualidad ha ido aumentando de forma considerable el n\u00famero de individuos, siendo uno de los grandes atractivos tur\u00edsticos, ya que es una animal f\u00e1cil de ver. Su celo es a finales de octubre, recibiendo \u00e9ste el nombre de &#8220;ronca&#8221; por el sonido de su voz y es el c\u00e9rvido de tama\u00f1o intermedio, siendo en tama\u00f1o ascendente, el corzo el m\u00e1s peque\u00f1o, el gamo el intermedio y el venado el m\u00e1s grande.<br \/>\n\tPor \u00faltimo, cabe hablar de la singularidad de sus cuernas, siendo estas en forma de palas en los machos adultos y en forma de cuerno de corzo durante la primera muda de su vida.<\/p>\n","protected":false},"excerpt":{"rendered":"<p>Encontramos en la Sierra del Sueve, seg\u00fan el lugar diferentes mam\u00edferos, en las zonas bajas y medias se podr\u00eda ver al jabal\u00ed y al corzo y en menos abundancia al venado. Los raposos (zorros), las foinas (marta) y los melandros (tejones) completan junto con la ardilla roja, las especies de mam\u00edferos que nos podemos encontrar. &hellip; <a href=\"https:\/\/sierradelsueve.es\/?page_id=155\" class=\"more-link\">Seguir leyendo <span class=\"screen-reader-text\">Salvaje<\/span> <span class=\"meta-nav\">&rarr;<\/span><\/a><\/p>\n","protected":false},"author":3,"featured_media":0,"parent":0,"menu_order":0,"comment_status":"open","ping_status":"open","template":"","meta":{"_mc_calendar":[],"footnotes":""},"class_list":["post-155","page","type-page","status-publish","hentry"],"_links":{"self":[{"href":"https:\/\/sierradelsueve.es\/index.php?rest_route=\/wp\/v2\/pages\/155","targetHints":{"allow":["GET"]}}],"collection":[{"href":"https:\/\/sierradelsueve.es\/index.php?rest_route=\/wp\/v2\/pages"}],"about":[{"href":"https:\/\/sierradelsueve.es\/index.php?rest_route=\/wp\/v2\/types\/page"}],"author":[{"embeddable":true,"href":"https:\/\/sierradelsueve.es\/index.php?rest_route=\/wp\/v2\/users\/3"}],"replies":[{"embeddable":true,"href":"https:\/\/sierradelsueve.es\/index.php?rest_route=%2Fwp%2Fv2%2Fcomments&post=155"}],"version-history":[{"count":2,"href":"https:\/\/sierradelsueve.es\/index.php?rest_route=\/wp\/v2\/pages\/155\/revisions"}],"predecessor-version":[{"id":326,"href":"https:\/\/sierradelsueve.es\/index.php?rest_route=\/wp\/v2\/pages\/155\/revisions\/326"}],"wp:attachment":[{"href":"https:\/\/sierradelsueve.es\/index.php?rest_route=%2Fwp%2Fv2%2Fmedia&parent=155"}],"curies":[{"name":"wp","href":"https:\/\/api.w.org\/{rel}","templated":true}]}}